{"id":20,"date":"2025-04-19T13:53:31","date_gmt":"2025-04-19T13:53:31","guid":{"rendered":"https:\/\/www.tacosautabasco.fr\/?page_id=20"},"modified":"2025-10-14T16:01:49","modified_gmt":"2025-10-14T16:01:49","slug":"accueil","status":"publish","type":"page","link":"https:\/\/www.tacosautabasco.fr\/","title":{"rendered":"Accueil"},"content":{"rendered":"\n<div class=\"wp-block-cover alignfull is-light\" style=\"min-height:720px;aspect-ratio:unset;\"><span aria-hidden=\"true\" class=\"wp-block-cover__background has-background-dim-100 has-background-dim has-background-gradient\" style=\"background:linear-gradient(35deg,rgb(6,0,151) 0%,rgb(130,4,255) 73%,rgb(193,15,255) 100%)\"><\/span><div class=\"wp-block-cover__inner-container is-layout-flow wp-block-cover-is-layout-flow\">\n<div class=\"inherit-container-width wp-block-group alignwide is-layout-constrained wp-block-group-is-layout-constrained\">\n<div class=\"wp-block-media-text alignwide has-media-on-the-right is-stacked-on-mobile is-vertically-aligned-center\" style=\"grid-template-columns:auto 43%\"><div class=\"wp-block-media-text__content\">\n<h1 class=\"wp-block-heading has-text-align-left has-white-color has-text-color\">Bienvenue \u00e0 toi !<\/h1>\n\n\n\n<p class=\"has-white-color has-text-color\">Salut, c&rsquo;est TacOs_AuTaBasCo. Voici la page pour rejoindre le Discord #NZK-Reborn ci-dessous !<\/p>\n\n\n\n<div class=\"wp-block-buttons is-layout-flex wp-block-buttons-is-layout-flex\">\n<div class=\"wp-block-button\"><a class=\"wp-block-button__link wp-element-button\" href=\"https:\/\/discord.gg\/KVTt9A8yG9\">Le Discord #NZK Rebirth<\/a><\/div>\n<\/div>\n<\/div><figure class=\"wp-block-media-text__media\"><img loading=\"lazy\" decoding=\"async\" width=\"1024\" height=\"683\" src=\"https:\/\/www.tacosautabasco.fr\/wp-content\/uploads\/2025\/05\/1697705613854-1024x683.jpg\" alt=\"\" class=\"wp-image-60 size-full\" srcset=\"https:\/\/www.tacosautabasco.fr\/wp-content\/uploads\/2025\/05\/1697705613854-1024x683.jpg 1024w, https:\/\/www.tacosautabasco.fr\/wp-content\/uploads\/2025\/05\/1697705613854-300x200.jpg 300w, https:\/\/www.tacosautabasco.fr\/wp-content\/uploads\/2025\/05\/1697705613854-768x512.jpg 768w, https:\/\/www.tacosautabasco.fr\/wp-content\/uploads\/2025\/05\/1697705613854.jpg 1080w\" sizes=\"auto, (max-width: 1024px) 100vw, 1024px\" \/><\/figure><\/div>\n<\/div>\n<\/div><\/div>\n\n\n\n<div class=\"wp-block-group alignfull has-ast-global-color-5-background-color has-background is-layout-constrained wp-container-core-group-is-layout-94d206d0 wp-block-group-is-layout-constrained\" id=\"about\" style=\"padding-top:143px;padding-bottom:144px\">\n<div class=\"wp-block-media-text has-media-on-the-right is-stacked-on-mobile is-vertically-aligned-center\"><div class=\"wp-block-media-text__content\">\n<div class=\"inherit-container-width wp-block-group is-layout-constrained wp-container-core-group-is-layout-47ce07ec wp-block-group-is-layout-constrained\" style=\"padding-right:80px\">\n<h2 class=\"wp-block-heading\" style=\"padding-right:40px\">Discord Fran\u00e7ais<\/h2>\n\n\n\n<p>Communaut\u00e9 fran\u00e7aise, et surtout, puisqu&rsquo;on y tient, on est libre de dire et de faire ce que l&rsquo;on veut sur ce serveur ! (dans la limite du raisonnable)<\/p>\n\n\n\n<p><\/p>\n<\/div>\n<\/div><figure class=\"wp-block-media-text__media\"><img loading=\"lazy\" decoding=\"async\" width=\"960\" height=\"540\" src=\"https:\/\/www.tacosautabasco.fr\/wp-content\/uploads\/2025\/10\/Efd6XXPXoAIuavE.jpg\" alt=\"\" class=\"wp-image-70 size-full\" srcset=\"https:\/\/www.tacosautabasco.fr\/wp-content\/uploads\/2025\/10\/Efd6XXPXoAIuavE.jpg 960w, https:\/\/www.tacosautabasco.fr\/wp-content\/uploads\/2025\/10\/Efd6XXPXoAIuavE-300x169.jpg 300w, https:\/\/www.tacosautabasco.fr\/wp-content\/uploads\/2025\/10\/Efd6XXPXoAIuavE-768x432.jpg 768w\" sizes=\"auto, (max-width: 960px) 100vw, 960px\" \/><\/figure><\/div>\n<\/div>\n\n\n\n<div class=\"wp-block-group alignfull has-ast-global-color-4-background-color has-background is-layout-constrained wp-container-core-group-is-layout-6a2cfb7b wp-block-group-is-layout-constrained\" id=\"reviews\">\n<figure class=\"wp-block-image aligncenter size-full is-resized\"><img loading=\"lazy\" decoding=\"async\" width=\"1038\" height=\"772\" src=\"https:\/\/www.tacosautabasco.fr\/wp-content\/uploads\/2025\/10\/rat_conduit_une_voiture.jpg\" alt=\"\" class=\"wp-image-71\" style=\"width:211px;height:auto\" srcset=\"https:\/\/www.tacosautabasco.fr\/wp-content\/uploads\/2025\/10\/rat_conduit_une_voiture.jpg 1038w, https:\/\/www.tacosautabasco.fr\/wp-content\/uploads\/2025\/10\/rat_conduit_une_voiture-300x223.jpg 300w, https:\/\/www.tacosautabasco.fr\/wp-content\/uploads\/2025\/10\/rat_conduit_une_voiture-1024x762.jpg 1024w, https:\/\/www.tacosautabasco.fr\/wp-content\/uploads\/2025\/10\/rat_conduit_une_voiture-768x571.jpg 768w\" sizes=\"auto, (max-width: 1038px) 100vw, 1038px\" \/><\/figure>\n\n\n\n<p class=\"has-text-align-center\" style=\"font-size:22px;line-height:1.6\">Voici la photo du cr\u00e9ateur du serveur qui scrute le salon #deals<\/p>\n\n\n\n<p class=\"has-text-align-center\">&#8211; <strong>TacOs_AuTaBasCo<\/strong><\/p>\n<\/div>\n\n\n\n<div class=\"wp-block-group alignfull has-background is-layout-constrained wp-container-core-group-is-layout-cfcca693 wp-block-group-is-layout-constrained\" id=\"contact\" style=\"background:linear-gradient(35deg,rgb(6,0,151) 0%,rgb(130,4,255) 64%,rgb(193,15,255) 98%);padding-top:104px;padding-bottom:104px\">\n<h2 class=\"wp-block-heading has-text-align-center has-text-color has-x-large-font-size\" style=\"color:#ffffff\">Qu&rsquo;attends-tu pour rejoindre ? <\/h2>\n\n\n\n<p class=\"has-text-align-center has-vivid-red-color has-text-color has-link-color wp-elements-0e863d905a9151c284cf377c145024ba\"><strong>(Ceci est une obligation non n\u00e9gociable)<\/strong><\/p>\n\n\n\n<div class=\"wp-block-buttons alignwide is-horizontal is-content-justification-center is-layout-flex wp-container-core-buttons-is-layout-bba8380a wp-block-buttons-is-layout-flex\" style=\"margin-top:50px\">\n<div class=\"wp-block-button\"><a class=\"wp-block-button__link wp-element-button\" href=\"https:\/\/discord.gg\/KVTt9A8yG9\">Le Discord #NZK Rebirth<\/a><\/div>\n<\/div>\n<\/div>\n\n\n\n<p><\/p>\n","protected":false},"excerpt":{"rendered":"<p>Discord Fran\u00e7ais Communaut\u00e9 fran\u00e7aise, et surtout, puisqu&rsquo;on y tient, on est libre de dire et de faire ce que l&rsquo;on [&hellip;]<\/p>\n","protected":false},"author":1,"featured_media":0,"parent":0,"menu_order":0,"comment_status":"closed","ping_status":"closed","template":"","meta":{"site-sidebar-layout":"no-sidebar","site-content-layout":"plain-container","ast-site-content-layout":"default","site-content-style":"default","site-sidebar-style":"default","ast-global-header-display":"","ast-banner-title-visibility":"","ast-main-header-display":"","ast-hfb-above-header-display":"","ast-hfb-below-header-display":"","ast-hfb-mobile-header-display":"","site-post-title":"disabled","ast-breadcrumbs-content":"","ast-featured-img":"","footer-sml-layout":"","ast-disable-related-posts":"","theme-transparent-header-meta":"enabled","adv-header-id-meta":"","stick-header-meta":"","header-above-stick-meta":"","header-main-stick-meta":"","header-below-stick-meta":"","astra-migrate-meta-layouts":"default","ast-page-background-enabled":"default","ast-page-background-meta":{"desktop":{"background-color":"var(--ast-global-color-5)","background-image":"","background-repeat":"repeat","background-position":"center center","background-size":"auto","background-attachment":"scroll","background-type":"","background-media":"","overlay-type":"","overlay-color":"","overlay-opacity":"","overlay-gradient":""},"tablet":{"background-color":"","background-image":"","background-repeat":"repeat","background-position":"center center","background-size":"auto","background-attachment":"scroll","background-type":"","background-media":"","overlay-type":"","overlay-color":"","overlay-opacity":"","overlay-gradient":""},"mobile":{"background-color":"","background-image":"","background-repeat":"repeat","background-position":"center center","background-size":"auto","background-attachment":"scroll","background-type":"","background-media":"","overlay-type":"","overlay-color":"","overlay-opacity":"","overlay-gradient":""}},"ast-content-background-meta":{"desktop":{"background-color":"var(--ast-global-color-4)","background-image":"","background-repeat":"repeat","background-position":"center center","background-size":"auto","background-attachment":"scroll","background-type":"","background-media":"","overlay-type":"","overlay-color":"","overlay-opacity":"","overlay-gradient":""},"tablet":{"background-color":"var(--ast-global-color-4)","background-image":"","background-repeat":"repeat","background-position":"center center","background-size":"auto","background-attachment":"scroll","background-type":"","background-media":"","overlay-type":"","overlay-color":"","overlay-opacity":"","overlay-gradient":""},"mobile":{"background-color":"var(--ast-global-color-4)","background-image":"","background-repeat":"repeat","background-position":"center center","background-size":"auto","background-attachment":"scroll","background-type":"","background-media":"","overlay-type":"","overlay-color":"","overlay-opacity":"","overlay-gradient":""}},"footnotes":""},"class_list":["post-20","page","type-page","status-publish","hentry"],"yoast_head":"<!-- This site is optimized with the Yoast SEO plugin v27.3 - https:\/\/yoast.com\/product\/yoast-seo-wordpress\/ -->\n<title>Accueil - Site Vitrine - Tacos<\/title>\n<meta name=\"robots\" content=\"index, follow, max-snippet:-1, max-image-preview:large, max-video-preview:-1\" \/>\n<link rel=\"canonical\" href=\"https:\/\/www.tacosautabasco.fr\/\" \/>\n<meta property=\"og:locale\" content=\"fr_FR\" \/>\n<meta property=\"og:type\" content=\"article\" \/>\n<meta property=\"og:title\" content=\"Accueil - Site Vitrine - Tacos\" \/>\n<meta property=\"og:description\" content=\"Discord Fran\u00e7ais Communaut\u00e9 fran\u00e7aise, et surtout, puisqu&rsquo;on y tient, on est libre de dire et de faire ce que l&rsquo;on [&hellip;]\" \/>\n<meta property=\"og:url\" content=\"https:\/\/www.tacosautabasco.fr\/\" \/>\n<meta property=\"og:site_name\" content=\"Site Vitrine - Tacos\" \/>\n<meta property=\"article:modified_time\" content=\"2025-10-14T16:01:49+00:00\" \/>\n<meta property=\"og:image\" content=\"https:\/\/www.tacosautabasco.fr\/wp-content\/uploads\/2025\/05\/1697705613854.jpg\" \/>\n\t<meta property=\"og:image:width\" content=\"1080\" \/>\n\t<meta property=\"og:image:height\" content=\"720\" \/>\n\t<meta property=\"og:image:type\" content=\"image\/jpeg\" \/>\n<meta name=\"twitter:card\" content=\"summary_large_image\" \/>\n<meta name=\"twitter:site\" content=\"@tacosautabasco\" \/>\n<script type=\"application\/ld+json\" class=\"yoast-schema-graph\">{\"@context\":\"https:\\\/\\\/schema.org\",\"@graph\":[{\"@type\":\"WebPage\",\"@id\":\"https:\\\/\\\/www.tacosautabasco.fr\\\/\",\"url\":\"https:\\\/\\\/www.tacosautabasco.fr\\\/\",\"name\":\"Accueil - Site Vitrine - Tacos\",\"isPartOf\":{\"@id\":\"https:\\\/\\\/www.tacosautabasco.fr\\\/#website\"},\"primaryImageOfPage\":{\"@id\":\"https:\\\/\\\/www.tacosautabasco.fr\\\/#primaryimage\"},\"image\":{\"@id\":\"https:\\\/\\\/www.tacosautabasco.fr\\\/#primaryimage\"},\"thumbnailUrl\":\"https:\\\/\\\/www.tacosautabasco.fr\\\/wp-content\\\/uploads\\\/2025\\\/05\\\/1697705613854-1024x683.jpg\",\"datePublished\":\"2025-04-19T13:53:31+00:00\",\"dateModified\":\"2025-10-14T16:01:49+00:00\",\"breadcrumb\":{\"@id\":\"https:\\\/\\\/www.tacosautabasco.fr\\\/#breadcrumb\"},\"inLanguage\":\"fr-FR\",\"potentialAction\":[{\"@type\":\"ReadAction\",\"target\":[\"https:\\\/\\\/www.tacosautabasco.fr\\\/\"]}]},{\"@type\":\"ImageObject\",\"inLanguage\":\"fr-FR\",\"@id\":\"https:\\\/\\\/www.tacosautabasco.fr\\\/#primaryimage\",\"url\":\"https:\\\/\\\/www.tacosautabasco.fr\\\/wp-content\\\/uploads\\\/2025\\\/05\\\/1697705613854.jpg\",\"contentUrl\":\"https:\\\/\\\/www.tacosautabasco.fr\\\/wp-content\\\/uploads\\\/2025\\\/05\\\/1697705613854.jpg\",\"width\":1080,\"height\":720},{\"@type\":\"BreadcrumbList\",\"@id\":\"https:\\\/\\\/www.tacosautabasco.fr\\\/#breadcrumb\",\"itemListElement\":[{\"@type\":\"ListItem\",\"position\":1,\"name\":\"Accueil\",\"item\":\"https:\\\/\\\/www.tacosautabasco.fr\\\/\"},{\"@type\":\"ListItem\",\"position\":2,\"name\":\"Accueil\"}]},{\"@type\":\"WebSite\",\"@id\":\"https:\\\/\\\/www.tacosautabasco.fr\\\/#website\",\"url\":\"https:\\\/\\\/www.tacosautabasco.fr\\\/\",\"name\":\"Site Vitrine - Tacos\",\"description\":\"\",\"publisher\":{\"@id\":\"https:\\\/\\\/www.tacosautabasco.fr\\\/#organization\"},\"potentialAction\":[{\"@type\":\"SearchAction\",\"target\":{\"@type\":\"EntryPoint\",\"urlTemplate\":\"https:\\\/\\\/www.tacosautabasco.fr\\\/?s={search_term_string}\"},\"query-input\":{\"@type\":\"PropertyValueSpecification\",\"valueRequired\":true,\"valueName\":\"search_term_string\"}}],\"inLanguage\":\"fr-FR\"},{\"@type\":\"Organization\",\"@id\":\"https:\\\/\\\/www.tacosautabasco.fr\\\/#organization\",\"name\":\"NZK Reborn\",\"url\":\"https:\\\/\\\/www.tacosautabasco.fr\\\/\",\"logo\":{\"@type\":\"ImageObject\",\"inLanguage\":\"fr-FR\",\"@id\":\"https:\\\/\\\/www.tacosautabasco.fr\\\/#\\\/schema\\\/logo\\\/image\\\/\",\"url\":\"https:\\\/\\\/www.tacosautabasco.fr\\\/wp-content\\\/uploads\\\/2025\\\/04\\\/60aaaa8f-2790-43ce-9284-647d54339de1.png\",\"contentUrl\":\"https:\\\/\\\/www.tacosautabasco.fr\\\/wp-content\\\/uploads\\\/2025\\\/04\\\/60aaaa8f-2790-43ce-9284-647d54339de1.png\",\"width\":1024,\"height\":1024,\"caption\":\"NZK Reborn\"},\"image\":{\"@id\":\"https:\\\/\\\/www.tacosautabasco.fr\\\/#\\\/schema\\\/logo\\\/image\\\/\"},\"sameAs\":[\"https:\\\/\\\/x.com\\\/tacosautabasco\"]}]}<\/script>\n<!-- \/ Yoast SEO plugin. -->","yoast_head_json":{"title":"Accueil - Site Vitrine - Tacos","robots":{"index":"index","follow":"follow","max-snippet":"max-snippet:-1","max-image-preview":"max-image-preview:large","max-video-preview":"max-video-preview:-1"},"canonical":"https:\/\/www.tacosautabasco.fr\/","og_locale":"fr_FR","og_type":"article","og_title":"Accueil - Site Vitrine - Tacos","og_description":"Discord Fran\u00e7ais Communaut\u00e9 fran\u00e7aise, et surtout, puisqu&rsquo;on y tient, on est libre de dire et de faire ce que l&rsquo;on [&hellip;]","og_url":"https:\/\/www.tacosautabasco.fr\/","og_site_name":"Site Vitrine - Tacos","article_modified_time":"2025-10-14T16:01:49+00:00","og_image":[{"width":1080,"height":720,"url":"https:\/\/www.tacosautabasco.fr\/wp-content\/uploads\/2025\/05\/1697705613854.jpg","type":"image\/jpeg"}],"twitter_card":"summary_large_image","twitter_site":"@tacosautabasco","schema":{"@context":"https:\/\/schema.org","@graph":[{"@type":"WebPage","@id":"https:\/\/www.tacosautabasco.fr\/","url":"https:\/\/www.tacosautabasco.fr\/","name":"Accueil - Site Vitrine - Tacos","isPartOf":{"@id":"https:\/\/www.tacosautabasco.fr\/#website"},"primaryImageOfPage":{"@id":"https:\/\/www.tacosautabasco.fr\/#primaryimage"},"image":{"@id":"https:\/\/www.tacosautabasco.fr\/#primaryimage"},"thumbnailUrl":"https:\/\/www.tacosautabasco.fr\/wp-content\/uploads\/2025\/05\/1697705613854-1024x683.jpg","datePublished":"2025-04-19T13:53:31+00:00","dateModified":"2025-10-14T16:01:49+00:00","breadcrumb":{"@id":"https:\/\/www.tacosautabasco.fr\/#breadcrumb"},"inLanguage":"fr-FR","potentialAction":[{"@type":"ReadAction","target":["https:\/\/www.tacosautabasco.fr\/"]}]},{"@type":"ImageObject","inLanguage":"fr-FR","@id":"https:\/\/www.tacosautabasco.fr\/#primaryimage","url":"https:\/\/www.tacosautabasco.fr\/wp-content\/uploads\/2025\/05\/1697705613854.jpg","contentUrl":"https:\/\/www.tacosautabasco.fr\/wp-content\/uploads\/2025\/05\/1697705613854.jpg","width":1080,"height":720},{"@type":"BreadcrumbList","@id":"https:\/\/www.tacosautabasco.fr\/#breadcrumb","itemListElement":[{"@type":"ListItem","position":1,"name":"Accueil","item":"https:\/\/www.tacosautabasco.fr\/"},{"@type":"ListItem","position":2,"name":"Accueil"}]},{"@type":"WebSite","@id":"https:\/\/www.tacosautabasco.fr\/#website","url":"https:\/\/www.tacosautabasco.fr\/","name":"Site Vitrine - Tacos","description":"","publisher":{"@id":"https:\/\/www.tacosautabasco.fr\/#organization"},"potentialAction":[{"@type":"SearchAction","target":{"@type":"EntryPoint","urlTemplate":"https:\/\/www.tacosautabasco.fr\/?s={search_term_string}"},"query-input":{"@type":"PropertyValueSpecification","valueRequired":true,"valueName":"search_term_string"}}],"inLanguage":"fr-FR"},{"@type":"Organization","@id":"https:\/\/www.tacosautabasco.fr\/#organization","name":"NZK Reborn","url":"https:\/\/www.tacosautabasco.fr\/","logo":{"@type":"ImageObject","inLanguage":"fr-FR","@id":"https:\/\/www.tacosautabasco.fr\/#\/schema\/logo\/image\/","url":"https:\/\/www.tacosautabasco.fr\/wp-content\/uploads\/2025\/04\/60aaaa8f-2790-43ce-9284-647d54339de1.png","contentUrl":"https:\/\/www.tacosautabasco.fr\/wp-content\/uploads\/2025\/04\/60aaaa8f-2790-43ce-9284-647d54339de1.png","width":1024,"height":1024,"caption":"NZK Reborn"},"image":{"@id":"https:\/\/www.tacosautabasco.fr\/#\/schema\/logo\/image\/"},"sameAs":["https:\/\/x.com\/tacosautabasco"]}]}},"_links":{"self":[{"href":"https:\/\/www.tacosautabasco.fr\/index.php\/wp-json\/wp\/v2\/pages\/20","targetHints":{"allow":["GET"]}}],"collection":[{"href":"https:\/\/www.tacosautabasco.fr\/index.php\/wp-json\/wp\/v2\/pages"}],"about":[{"href":"https:\/\/www.tacosautabasco.fr\/index.php\/wp-json\/wp\/v2\/types\/page"}],"author":[{"embeddable":true,"href":"https:\/\/www.tacosautabasco.fr\/index.php\/wp-json\/wp\/v2\/users\/1"}],"replies":[{"embeddable":true,"href":"https:\/\/www.tacosautabasco.fr\/index.php\/wp-json\/wp\/v2\/comments?post=20"}],"version-history":[{"count":19,"href":"https:\/\/www.tacosautabasco.fr\/index.php\/wp-json\/wp\/v2\/pages\/20\/revisions"}],"predecessor-version":[{"id":77,"href":"https:\/\/www.tacosautabasco.fr\/index.php\/wp-json\/wp\/v2\/pages\/20\/revisions\/77"}],"wp:attachment":[{"href":"https:\/\/www.tacosautabasco.fr\/index.php\/wp-json\/wp\/v2\/media?parent=20"}],"curies":[{"name":"wp","href":"https:\/\/api.w.org\/{rel}","templated":true}]}}